{"id":853,"date":"2022-08-10T23:06:04","date_gmt":"2022-08-10T21:06:04","guid":{"rendered":"https:\/\/paetzoldskitchen.de\/?page_id=853"},"modified":"2022-08-23T14:04:35","modified_gmt":"2022-08-23T12:04:35","slug":"foodie-podcast","status":"publish","type":"page","link":"https:\/\/paetzoldskitchen.de\/en\/foodie-podcast\/","title":{"rendered":"Foodie Podcast"},"content":{"rendered":"<div data-elementor-type=\"wp-page\" data-elementor-id=\"853\" class=\"elementor elementor-853\" data-elementor-post-type=\"page\">\n\t\t\t\t\t\t<section class=\"elementor-section elementor-top-section elementor-element elementor-element-bd1df67 elementor-section-height-min-height elementor-section-boxed elementor-section-height-default elementor-section-items-middle\" data-id=\"bd1df67\" data-element_type=\"section\" data-settings=\"{&quot;background_background&quot;:&quot;classic&quot;}\">\n\t\t\t\t\t\t\t<div class=\"elementor-background-overlay\"><\/div>\n\t\t\t\t\t\t\t<div class=\"elementor-container elementor-column-gap-default\">\n\t\t\t\t\t<div class=\"elementor-column elementor-col-50 elementor-top-column elementor-element elementor-element-0466d21\" data-id=\"0466d21\" data-element_type=\"column\" data-settings=\"{&quot;background_background&quot;:&quot;classic&quot;}\">\n\t\t\t<div class=\"elementor-widget-wrap elementor-element-populated\">\n\t\t\t\t\t<div class=\"elementor-background-overlay\"><\/div>\n\t\t\t\t\t\t<div class=\"elementor-element elementor-element-c971aae elementor-widget elementor-widget-image\" data-id=\"c971aae\" data-element_type=\"widget\" data-widget_type=\"image.default\">\n\t\t\t\t<div class=\"elementor-widget-container\">\n\t\t\t\t\t\t\t\t\t\t\t\t\t\t<a href=\"https:\/\/paetzoldskitchen.de\/en\/\">\n\t\t\t\t\t\t\t<img fetchpriority=\"high\" decoding=\"async\" width=\"800\" height=\"800\" src=\"https:\/\/paetzoldskitchen.de\/wp-content\/uploads\/2022\/08\/logo.png\" class=\"attachment-large size-large wp-image-1040\" alt=\"\" srcset=\"https:\/\/paetzoldskitchen.de\/wp-content\/uploads\/2022\/08\/logo.png 874w, https:\/\/paetzoldskitchen.de\/wp-content\/uploads\/2022\/08\/logo-300x300.png 300w, https:\/\/paetzoldskitchen.de\/wp-content\/uploads\/2022\/08\/logo-150x150.png 150w, https:\/\/paetzoldskitchen.de\/wp-content\/uploads\/2022\/08\/logo-768x768.png 768w\" sizes=\"(max-width: 800px) 100vw, 800px\" \/>\t\t\t\t\t\t\t\t<\/a>\n\t\t\t\t\t\t\t\t\t\t\t\t\t<\/div>\n\t\t\t\t<\/div>\n\t\t\t\t\t<\/div>\n\t\t<\/div>\n\t\t\t\t<div class=\"elementor-column elementor-col-50 elementor-top-column elementor-element elementor-element-41044d1\" data-id=\"41044d1\" data-element_type=\"column\">\n\t\t\t<div class=\"elementor-widget-wrap\">\n\t\t\t\t\t\t\t<\/div>\n\t\t<\/div>\n\t\t\t\t\t<\/div>\n\t\t<\/section>\n\t\t\t\t<section class=\"elementor-section elementor-top-section elementor-element elementor-element-085f163 elementor-section-height-min-height elementor-section-boxed elementor-section-height-default elementor-section-items-middle\" data-id=\"085f163\" data-element_type=\"section\">\n\t\t\t\t\t\t<div class=\"elementor-container elementor-column-gap-default\">\n\t\t\t\t\t<div class=\"elementor-column elementor-col-50 elementor-top-column elementor-element elementor-element-bcac4bc\" data-id=\"bcac4bc\" data-element_type=\"column\">\n\t\t\t<div class=\"elementor-widget-wrap elementor-element-populated\">\n\t\t\t\t\t\t<div class=\"elementor-element elementor-element-500cc7c elementor-widget-divider--view-line elementor-widget elementor-widget-divider\" data-id=\"500cc7c\" data-element_type=\"widget\" data-widget_type=\"divider.default\">\n\t\t\t\t<div class=\"elementor-widget-container\">\n\t\t\t\t\t<div class=\"elementor-divider\">\n\t\t\t<span class=\"elementor-divider-separator\">\n\t\t\t\t\t\t<\/span>\n\t\t<\/div>\n\t\t\t\t<\/div>\n\t\t\t\t<\/div>\n\t\t\t\t<div class=\"elementor-element elementor-element-3ff95da elementor-widget elementor-widget-heading\" data-id=\"3ff95da\" data-element_type=\"widget\" data-widget_type=\"heading.default\">\n\t\t\t\t<div class=\"elementor-widget-container\">\n\t\t\t<h4 class=\"elementor-heading-title elementor-size-default\">Foodie Podcast<\/h4>\t\t<\/div>\n\t\t\t\t<\/div>\n\t\t\t\t\t<\/div>\n\t\t<\/div>\n\t\t\t\t<div class=\"elementor-column elementor-col-50 elementor-top-column elementor-element elementor-element-f3f6473\" data-id=\"f3f6473\" data-element_type=\"column\">\n\t\t\t<div class=\"elementor-widget-wrap elementor-element-populated\">\n\t\t\t\t\t\t<div class=\"elementor-element elementor-element-f77d907 elementor-widget elementor-widget-text-editor\" data-id=\"f77d907\" data-element_type=\"widget\" data-widget_type=\"text-editor.default\">\n\t\t\t\t<div class=\"elementor-widget-container\">\n\t\t\t\t\t\t\t<p>Willkommen in paetzoldskitchen. Jede Woche eine halbe Stunde &#8211; neue Foodtrends aus Berlin. Coole Restaurantempfehlungen. Und viele n\u00fctzliche Tips von den Experten. Von Sommerliers, von K\u00f6chinnen und K\u00f6chen. Trends von Sissi Chen vom insta blog eatinginberlin. In der Rubrik food for thought geht es um nachhaltigen Genuss und Insider-Tips f\u00fcr die richtigen Produkte und Rezepte aus der Vielfalt der kulinarischen Angebote. Musik gibt es auch in paezoldskitchen, frei nach Shakespeare: If music be the food of love, play on.<\/p>\t\t\t\t\t\t<\/div>\n\t\t\t\t<\/div>\n\t\t\t\t\t<\/div>\n\t\t<\/div>\n\t\t\t\t\t<\/div>\n\t\t<\/section>\n\t\t\t\t<section class=\"elementor-section elementor-top-section elementor-element elementor-element-c975c1b elementor-section-content-middle elementor-section-height-min-height elementor-reverse-mobile elementor-section-boxed elementor-section-height-default elementor-section-items-middle\" data-id=\"c975c1b\" data-element_type=\"section\" data-settings=\"{&quot;background_background&quot;:&quot;classic&quot;}\">\n\t\t\t\t\t\t\t<div class=\"elementor-background-overlay\"><\/div>\n\t\t\t\t\t\t\t<div class=\"elementor-container elementor-column-gap-no\">\n\t\t\t\t\t<div class=\"elementor-column elementor-col-50 elementor-top-column elementor-element elementor-element-9bfc5b2\" data-id=\"9bfc5b2\" data-element_type=\"column\">\n\t\t\t<div class=\"elementor-widget-wrap elementor-element-populated\">\n\t\t\t\t\t\t<div class=\"elementor-element elementor-element-26bb302 elementor-widget elementor-widget-video\" data-id=\"26bb302\" data-element_type=\"widget\" data-settings=\"{&quot;youtube_url&quot;:&quot;https:\\\/\\\/www.youtube.com\\\/watch?v=I4sj0nhRSE8&quot;,&quot;video_type&quot;:&quot;youtube&quot;,&quot;controls&quot;:&quot;yes&quot;}\" data-widget_type=\"video.default\">\n\t\t\t\t<div class=\"elementor-widget-container\">\n\t\t\t\t\t<div class=\"elementor-wrapper elementor-open-inline\">\n\t\t\t<div class=\"elementor-video\"><\/div>\t\t<\/div>\n\t\t\t\t<\/div>\n\t\t\t\t<\/div>\n\t\t\t\t\t<\/div>\n\t\t<\/div>\n\t\t\t\t<div class=\"elementor-column elementor-col-50 elementor-top-column elementor-element elementor-element-87fe5f1\" data-id=\"87fe5f1\" data-element_type=\"column\" data-settings=\"{&quot;background_background&quot;:&quot;classic&quot;}\">\n\t\t\t<div class=\"elementor-widget-wrap elementor-element-populated\">\n\t\t\t\t\t\t<div class=\"elementor-element elementor-element-e5cf855 elementor-widget-divider--view-line elementor-widget elementor-widget-divider\" data-id=\"e5cf855\" data-element_type=\"widget\" data-widget_type=\"divider.default\">\n\t\t\t\t<div class=\"elementor-widget-container\">\n\t\t\t\t\t<div class=\"elementor-divider\">\n\t\t\t<span class=\"elementor-divider-separator\">\n\t\t\t\t\t\t<\/span>\n\t\t<\/div>\n\t\t\t\t<\/div>\n\t\t\t\t<\/div>\n\t\t\t\t<div class=\"elementor-element elementor-element-836de28 elementor-widget elementor-widget-heading\" data-id=\"836de28\" data-element_type=\"widget\" data-widget_type=\"heading.default\">\n\t\t\t\t<div class=\"elementor-widget-container\">\n\t\t\t<h2 class=\"elementor-heading-title elementor-size-default\">FOODIE PODCAST<\/h2>\t\t<\/div>\n\t\t\t\t<\/div>\n\t\t\t\t<div class=\"elementor-element elementor-element-f8a8633 elementor-widget elementor-widget-heading\" data-id=\"f8a8633\" data-element_type=\"widget\" data-widget_type=\"heading.default\">\n\t\t\t\t<div class=\"elementor-widget-container\">\n\t\t\t<h4 class=\"elementor-heading-title elementor-size-default\">Paetzolds Kitchen Episode 1<\/h4>\t\t<\/div>\n\t\t\t\t<\/div>\n\t\t\t\t<div class=\"elementor-element elementor-element-f2836bd elementor-widget elementor-widget-text-editor\" data-id=\"f2836bd\" data-element_type=\"widget\" data-widget_type=\"text-editor.default\">\n\t\t\t\t<div class=\"elementor-widget-container\">\n\t\t\t\t\t\t\t<p><span style=\"font-weight: 400;\">Oliven\u00f6l, Ceviche f\u00fcr hei\u00dfe Tage \u2026 und Hundefutter f\u00fcr Feinschmecker<\/span><\/p><p><span style=\"font-weight: 400;\">Ein Treffen in Paetzolds Kitchen. Zu den G\u00e4sten geh\u00f6rt diesmal Eva Maria Hilker von der Ess-Press Zeitung. Sie erz\u00e4hlt uns, wie schwierig es ist, eine kulinarische Zeitung dieser Tage herauszubringen \u2013 wenn das Druckpapier daf\u00fcr aus der Ukraine kommt. Sie hat es trotzdem geschafft und gew\u00e4hrt einen \u00dcberblick die Themen von Ess Press, inklusive dem Futter f\u00fcr Feinschmecker Hunde von 2-Sterne Koch Tim Raue. Bernhard Moser, Chef der Eat Berlin, wurde in der Vorbereitung seines Feinschmecker Festivals ebenfalls durch den \u00dcberfall auf die Ukraine gestoppt. Als die Fl\u00fcchtlinge nach Berlin kamen, legte er die Arbeit nieder und fuhr Essen an die Gestrandeten aus. Jetzt geht es aber wieder los mit der Eat Berlin und zur fl\u00fcssigen Untermalung des Gespr\u00e4chs \u00fcber das neue Programm hat er Champagner mitgebracht. J\u00f6rn Gutowski von Try Foods verr\u00e4t uns, wie man die Qualit\u00e4t von Oliven\u00f6l erkennt. Am hei\u00dfen Sommertag war Johannes mit einem Kumpel Paul Ceviche Gerichte testen. Als musikalischer Gast erz\u00e4hlt die britische Reggaes\u00e4ngerin Hollie Cook \u00fcber ihre kulinarischen Passionen. Und zum Schluss gibt es von allen Experten Tipps f\u00fcr Restaurants und Trips ins Umland.<\/span><\/p>\t\t\t\t\t\t<\/div>\n\t\t\t\t<\/div>\n\t\t\t\t<div class=\"elementor-element elementor-element-784ff00 elementor-widget elementor-widget-heading\" data-id=\"784ff00\" data-element_type=\"widget\" data-widget_type=\"heading.default\">\n\t\t\t\t<div class=\"elementor-widget-container\">\n\t\t\t<h2 class=\"elementor-heading-title elementor-size-default\">19.08.2022<\/h2>\t\t<\/div>\n\t\t\t\t<\/div>\n\t\t\t\t\t<\/div>\n\t\t<\/div>\n\t\t\t\t\t<\/div>\n\t\t<\/section>\n\t\t\t\t<\/div>","protected":false},"excerpt":{"rendered":"<p>Foodie Podcast Willkommen in paetzoldskitchen. Jede Woche eine halbe Stunde &#8211; neue Foodtrends aus Berlin. Coole Restaurantempfehlungen. Und viele n\u00fctzliche Tips von den Experten. Von Sommerliers, von K\u00f6chinnen und K\u00f6chen. Trends von Sissi Chen vom insta blog eatinginberlin. In der Rubrik food for thought geht es um nachhaltigen Genuss und Insider-Tips f\u00fcr die richtigen Produkte [&hellip;]<\/p>","protected":false},"author":4,"featured_media":0,"parent":0,"menu_order":0,"comment_status":"closed","ping_status":"closed","template":"elementor_header_footer","meta":{"_acf_changed":false,"footnotes":""},"class_list":["post-853","page","type-page","status-publish","hentry"],"acf":[],"_links":{"self":[{"href":"https:\/\/paetzoldskitchen.de\/en\/wp-json\/wp\/v2\/pages\/853","targetHints":{"allow":["GET"]}}],"collection":[{"href":"https:\/\/paetzoldskitchen.de\/en\/wp-json\/wp\/v2\/pages"}],"about":[{"href":"https:\/\/paetzoldskitchen.de\/en\/wp-json\/wp\/v2\/types\/page"}],"author":[{"embeddable":true,"href":"https:\/\/paetzoldskitchen.de\/en\/wp-json\/wp\/v2\/users\/4"}],"replies":[{"embeddable":true,"href":"https:\/\/paetzoldskitchen.de\/en\/wp-json\/wp\/v2\/comments?post=853"}],"version-history":[{"count":10,"href":"https:\/\/paetzoldskitchen.de\/en\/wp-json\/wp\/v2\/pages\/853\/revisions"}],"predecessor-version":[{"id":1670,"href":"https:\/\/paetzoldskitchen.de\/en\/wp-json\/wp\/v2\/pages\/853\/revisions\/1670"}],"wp:attachment":[{"href":"https:\/\/paetzoldskitchen.de\/en\/wp-json\/wp\/v2\/media?parent=853"}],"curies":[{"name":"wp","href":"https:\/\/api.w.org\/{rel}","templated":true}]}}